{"id":5957,"date":"2019-10-15T10:01:59","date_gmt":"2019-10-15T14:01:59","guid":{"rendered":"http:\/\/regenerationworks.ca\/lieux-de-culte\/event-insurance-for-places-of-faith\/"},"modified":"2019-10-18T08:47:22","modified_gmt":"2019-10-18T12:47:22","slug":"event-insurance-for-places-of-faith","status":"publish","type":"page","link":"https:\/\/regenerationworks.ca\/fr\/lieux-de-culte\/event-insurance-for-places-of-faith\/","title":{"rendered":"Assurance \u00e0 court terme pour des \u00e9v\u00e9nements se d\u00e9roulant dans des lieux de culte"},"content":{"rendered":"","protected":false},"excerpt":{"rendered":"","protected":false},"author":62,"featured_media":0,"parent":4265,"menu_order":0,"comment_status":"closed","ping_status":"closed","template":"tpl-BlankPageTemplate.php","meta":{"_bbp_topic_count":0,"_bbp_reply_count":0,"_bbp_total_topic_count":0,"_bbp_total_reply_count":0,"_bbp_voice_count":0,"_bbp_anonymous_reply_count":0,"_bbp_topic_count_hidden":0,"_bbp_reply_count_hidden":0,"_bbp_forum_subforum_count":0,"footnotes":""},"aioseo_notices":[],"_links":{"self":[{"href":"https:\/\/regenerationworks.ca\/fr\/wp-json\/wp\/v2\/pages\/5957"}],"collection":[{"href":"https:\/\/regenerationworks.ca\/fr\/wp-json\/wp\/v2\/pages"}],"about":[{"href":"https:\/\/regenerationworks.ca\/fr\/wp-json\/wp\/v2\/types\/page"}],"author":[{"embeddable":true,"href":"https:\/\/regenerationworks.ca\/fr\/wp-json\/wp\/v2\/users\/62"}],"replies":[{"embeddable":true,"href":"https:\/\/regenerationworks.ca\/fr\/wp-json\/wp\/v2\/comments?post=5957"}],"version-history":[{"count":5,"href":"https:\/\/regenerationworks.ca\/fr\/wp-json\/wp\/v2\/pages\/5957\/revisions"}],"predecessor-version":[{"id":5998,"href":"https:\/\/regenerationworks.ca\/fr\/wp-json\/wp\/v2\/pages\/5957\/revisions\/5998"}],"up":[{"embeddable":true,"href":"https:\/\/regenerationworks.ca\/fr\/wp-json\/wp\/v2\/pages\/4265"}],"wp:attachment":[{"href":"https:\/\/regenerationworks.ca\/fr\/wp-json\/wp\/v2\/media?parent=5957"}],"curies":[{"name":"wp","href":"https:\/\/api.w.org\/{rel}","templated":true}]}}