{"id":2989,"date":"2018-06-28T08:54:13","date_gmt":"2018-06-28T12:54:13","guid":{"rendered":"http:\/\/regenerationworks.ca\/?page_id=2989"},"modified":"2018-06-28T08:54:13","modified_gmt":"2018-06-28T12:54:13","slug":"regenerez-votre-lieu-patrimonial","status":"publish","type":"page","link":"https:\/\/regenerationworks.ca\/fr\/ressources\/regenerez-votre-lieu-patrimonial\/","title":{"rendered":"R\u00e9g\u00e9n\u00e9rez votre lieu patrimonial"},"content":{"rendered":"","protected":false},"excerpt":{"rendered":"","protected":false},"author":62,"featured_media":0,"parent":240,"menu_order":0,"comment_status":"closed","ping_status":"closed","template":"tpl-regeneration-posts.php","meta":{"_bbp_topic_count":0,"_bbp_reply_count":0,"_bbp_total_topic_count":0,"_bbp_total_reply_count":0,"_bbp_voice_count":0,"_bbp_anonymous_reply_count":0,"_bbp_topic_count_hidden":0,"_bbp_reply_count_hidden":0,"_bbp_forum_subforum_count":0,"footnotes":""},"aioseo_notices":[],"_links":{"self":[{"href":"https:\/\/regenerationworks.ca\/fr\/wp-json\/wp\/v2\/pages\/2989"}],"collection":[{"href":"https:\/\/regenerationworks.ca\/fr\/wp-json\/wp\/v2\/pages"}],"about":[{"href":"https:\/\/regenerationworks.ca\/fr\/wp-json\/wp\/v2\/types\/page"}],"author":[{"embeddable":true,"href":"https:\/\/regenerationworks.ca\/fr\/wp-json\/wp\/v2\/users\/62"}],"replies":[{"embeddable":true,"href":"https:\/\/regenerationworks.ca\/fr\/wp-json\/wp\/v2\/comments?post=2989"}],"version-history":[{"count":3,"href":"https:\/\/regenerationworks.ca\/fr\/wp-json\/wp\/v2\/pages\/2989\/revisions"}],"predecessor-version":[{"id":3683,"href":"https:\/\/regenerationworks.ca\/fr\/wp-json\/wp\/v2\/pages\/2989\/revisions\/3683"}],"up":[{"embeddable":true,"href":"https:\/\/regenerationworks.ca\/fr\/wp-json\/wp\/v2\/pages\/240"}],"wp:attachment":[{"href":"https:\/\/regenerationworks.ca\/fr\/wp-json\/wp\/v2\/media?parent=2989"}],"curies":[{"name":"wp","href":"https:\/\/api.w.org\/{rel}","templated":true}]}}