{"id":236,"date":"2016-09-20T17:50:01","date_gmt":"2016-09-20T17:50:01","guid":{"rendered":"http:\/\/regenerationworks.ca\/fr\/cornerstone\/"},"modified":"2022-03-15T13:06:57","modified_gmt":"2022-03-15T17:06:57","slug":"batiments","status":"publish","type":"page","link":"https:\/\/regenerationworks.ca\/fr\/batiments\/","title":{"rendered":"R\u00e9g\u00e9n\u00e9rer des lieux historiques"},"content":{"rendered":"","protected":false},"excerpt":{"rendered":"","protected":false},"author":1,"featured_media":0,"parent":0,"menu_order":0,"comment_status":"closed","ping_status":"closed","template":"New Landing Pages Template.php","meta":{"_bbp_topic_count":0,"_bbp_reply_count":0,"_bbp_total_topic_count":0,"_bbp_total_reply_count":0,"_bbp_voice_count":0,"_bbp_anonymous_reply_count":0,"_bbp_topic_count_hidden":0,"_bbp_reply_count_hidden":0,"_bbp_forum_subforum_count":0,"footnotes":""},"aioseo_notices":[],"_links":{"self":[{"href":"https:\/\/regenerationworks.ca\/fr\/wp-json\/wp\/v2\/pages\/236"}],"collection":[{"href":"https:\/\/regenerationworks.ca\/fr\/wp-json\/wp\/v2\/pages"}],"about":[{"href":"https:\/\/regenerationworks.ca\/fr\/wp-json\/wp\/v2\/types\/page"}],"author":[{"embeddable":true,"href":"https:\/\/regenerationworks.ca\/fr\/wp-json\/wp\/v2\/users\/1"}],"replies":[{"embeddable":true,"href":"https:\/\/regenerationworks.ca\/fr\/wp-json\/wp\/v2\/comments?post=236"}],"version-history":[{"count":26,"href":"https:\/\/regenerationworks.ca\/fr\/wp-json\/wp\/v2\/pages\/236\/revisions"}],"predecessor-version":[{"id":8432,"href":"https:\/\/regenerationworks.ca\/fr\/wp-json\/wp\/v2\/pages\/236\/revisions\/8432"}],"wp:attachment":[{"href":"https:\/\/regenerationworks.ca\/fr\/wp-json\/wp\/v2\/media?parent=236"}],"curies":[{"name":"wp","href":"https:\/\/api.w.org\/{rel}","templated":true}]}}