{"id":1583,"date":"2017-11-30T08:55:16","date_gmt":"2017-11-30T13:55:16","guid":{"rendered":"http:\/\/regenerationworks.ca\/?page_id=1583\/"},"modified":"2023-06-01T08:50:23","modified_gmt":"2023-06-01T12:50:23","slug":"launch-pad-grant-recipients","status":"publish","type":"page","link":"https:\/\/regenerationworks.ca\/fr\/launch-pad-grant\/launch-pad-grant-recipients\/","title":{"rendered":"Launch Pad Grant Recipients"},"content":{"rendered":"<div class=\"container\">\n<h5 style=\"text-align: center; font-size: 18px;\"><strong>Gr\u00e2ce au g\u00e9n\u00e9reux soutien de donateurs, les subventions d\u2019accompagnement du programme D\u00e9clic donne les organismes communautaires jusqu\u2019\u00e0 14 heures de coaching direct avec une \u00e9quipe de professionnels chevronn\u00e9s. Ensemble, nous trouvons des solutions pour lib\u00e9rer le potentiel des leurs lieux historiques. <\/strong><\/h5>\n<p style=\"text-align: center;\">Les organismes communautaires suivants b\u00e9n\u00e9ficieront d&rsquo;une subvention de coaching de groupe pour les aider \u00e0 stimuler leurs efforts de collecte de fonds et \u00e0 \u0153uvrer pour un avenir durable.<\/p>\n<p style=\"text-align: center;\">Apprenez-en plus ci-dessous.<\/p>\n<h5 style=\"text-align: center; font-size: 18px;\"><strong>\u00a0<\/strong><\/h5>\n<\/div>\n","protected":false},"excerpt":{"rendered":"<p>Gr\u00e2ce au g\u00e9n\u00e9reux soutien de donateurs, les subventions d\u2019accompagnement du programme D\u00e9clic donne les organismes communautaires jusqu\u2019\u00e0 14 heures de coaching direct avec une \u00e9quipe de professionnels chevronn\u00e9s. Ensemble, nous trouvons des solutions pour lib\u00e9rer le potentiel des leurs lieux historiques. Les organismes communautaires suivants b\u00e9n\u00e9ficieront d&rsquo;une subvention de coaching de groupe pour les aider [&hellip;]<\/p>\n","protected":false},"author":62,"featured_media":0,"parent":776,"menu_order":0,"comment_status":"closed","ping_status":"closed","template":"tpl-launch-pad-groups.php","meta":{"_bbp_topic_count":0,"_bbp_reply_count":0,"_bbp_total_topic_count":0,"_bbp_total_reply_count":0,"_bbp_voice_count":0,"_bbp_anonymous_reply_count":0,"_bbp_topic_count_hidden":0,"_bbp_reply_count_hidden":0,"_bbp_forum_subforum_count":0,"footnotes":""},"aioseo_notices":[],"_links":{"self":[{"href":"https:\/\/regenerationworks.ca\/fr\/wp-json\/wp\/v2\/pages\/1583"}],"collection":[{"href":"https:\/\/regenerationworks.ca\/fr\/wp-json\/wp\/v2\/pages"}],"about":[{"href":"https:\/\/regenerationworks.ca\/fr\/wp-json\/wp\/v2\/types\/page"}],"author":[{"embeddable":true,"href":"https:\/\/regenerationworks.ca\/fr\/wp-json\/wp\/v2\/users\/62"}],"replies":[{"embeddable":true,"href":"https:\/\/regenerationworks.ca\/fr\/wp-json\/wp\/v2\/comments?post=1583"}],"version-history":[{"count":74,"href":"https:\/\/regenerationworks.ca\/fr\/wp-json\/wp\/v2\/pages\/1583\/revisions"}],"predecessor-version":[{"id":8789,"href":"https:\/\/regenerationworks.ca\/fr\/wp-json\/wp\/v2\/pages\/1583\/revisions\/8789"}],"up":[{"embeddable":true,"href":"https:\/\/regenerationworks.ca\/fr\/wp-json\/wp\/v2\/pages\/776"}],"wp:attachment":[{"href":"https:\/\/regenerationworks.ca\/fr\/wp-json\/wp\/v2\/media?parent=1583"}],"curies":[{"name":"wp","href":"https:\/\/api.w.org\/{rel}","templated":true}]}}