{"id":1429,"date":"2017-10-20T10:52:17","date_gmt":"2017-10-20T14:52:17","guid":{"rendered":"http:\/\/regenerationworks.ca\/?page_id=1429\/"},"modified":"2023-05-31T15:42:06","modified_gmt":"2023-05-31T19:42:06","slug":"sources-de-financement","status":"publish","type":"page","link":"https:\/\/regenerationworks.ca\/fr\/ressources\/sources-de-financement\/","title":{"rendered":"Sources de financement"},"content":{"rendered":"<p>Bienvenue au portail de Sources de financement de la Fiducie nationale, o\u00f9 nous vous connectons \u00e0 des possibilit\u00e9s de financement d\u2019entreprises, de fondations et du gouvernement pour des projets en mati\u00e8re du patrimoine \u00e0 l&rsquo;\u00e9chelon national, provincial, territorial et r\u00e9gional.<\/p>\n","protected":false},"excerpt":{"rendered":"<p>Bienvenue au portail de Sources de financement de la Fiducie nationale, o\u00f9 nous vous connectons \u00e0 des possibilit\u00e9s de financement d\u2019entreprises, de fondations et du gouvernement pour des projets en mati\u00e8re du patrimoine \u00e0 l&rsquo;\u00e9chelon national, provincial, territorial et r\u00e9gional.<\/p>\n","protected":false},"author":1,"featured_media":0,"parent":240,"menu_order":0,"comment_status":"closed","ping_status":"closed","template":"tpl-find-funding.php","meta":{"_bbp_topic_count":0,"_bbp_reply_count":0,"_bbp_total_topic_count":0,"_bbp_total_reply_count":0,"_bbp_voice_count":0,"_bbp_anonymous_reply_count":0,"_bbp_topic_count_hidden":0,"_bbp_reply_count_hidden":0,"_bbp_forum_subforum_count":0,"footnotes":""},"aioseo_notices":[],"_links":{"self":[{"href":"https:\/\/regenerationworks.ca\/fr\/wp-json\/wp\/v2\/pages\/1429"}],"collection":[{"href":"https:\/\/regenerationworks.ca\/fr\/wp-json\/wp\/v2\/pages"}],"about":[{"href":"https:\/\/regenerationworks.ca\/fr\/wp-json\/wp\/v2\/types\/page"}],"author":[{"embeddable":true,"href":"https:\/\/regenerationworks.ca\/fr\/wp-json\/wp\/v2\/users\/1"}],"replies":[{"embeddable":true,"href":"https:\/\/regenerationworks.ca\/fr\/wp-json\/wp\/v2\/comments?post=1429"}],"version-history":[{"count":98,"href":"https:\/\/regenerationworks.ca\/fr\/wp-json\/wp\/v2\/pages\/1429\/revisions"}],"predecessor-version":[{"id":8773,"href":"https:\/\/regenerationworks.ca\/fr\/wp-json\/wp\/v2\/pages\/1429\/revisions\/8773"}],"up":[{"embeddable":true,"href":"https:\/\/regenerationworks.ca\/fr\/wp-json\/wp\/v2\/pages\/240"}],"wp:attachment":[{"href":"https:\/\/regenerationworks.ca\/fr\/wp-json\/wp\/v2\/media?parent=1429"}],"curies":[{"name":"wp","href":"https:\/\/api.w.org\/{rel}","templated":true}]}}