{"id":1258,"date":"2017-09-11T11:05:58","date_gmt":"2017-09-11T15:05:58","guid":{"rendered":"http:\/\/regenerationworks.ca\/?page_id=1258\/"},"modified":"2023-06-01T08:42:36","modified_gmt":"2023-06-01T12:42:36","slug":"anciens-beneficiaires","status":"publish","type":"page","link":"https:\/\/regenerationworks.ca\/fr\/launch-pad-grant\/anciens-beneficiaires\/","title":{"rendered":"Anciens b\u00e9n\u00e9ficiaires du programme D\u00e9clic"},"content":{"rendered":"","protected":false},"excerpt":{"rendered":"","protected":false},"author":62,"featured_media":0,"parent":776,"menu_order":0,"comment_status":"closed","ping_status":"closed","template":"tpl-launch-pad-groups.php","meta":{"_bbp_topic_count":0,"_bbp_reply_count":0,"_bbp_total_topic_count":0,"_bbp_total_reply_count":0,"_bbp_voice_count":0,"_bbp_anonymous_reply_count":0,"_bbp_topic_count_hidden":0,"_bbp_reply_count_hidden":0,"_bbp_forum_subforum_count":0,"footnotes":""},"aioseo_notices":[],"_links":{"self":[{"href":"https:\/\/regenerationworks.ca\/fr\/wp-json\/wp\/v2\/pages\/1258"}],"collection":[{"href":"https:\/\/regenerationworks.ca\/fr\/wp-json\/wp\/v2\/pages"}],"about":[{"href":"https:\/\/regenerationworks.ca\/fr\/wp-json\/wp\/v2\/types\/page"}],"author":[{"embeddable":true,"href":"https:\/\/regenerationworks.ca\/fr\/wp-json\/wp\/v2\/users\/62"}],"replies":[{"embeddable":true,"href":"https:\/\/regenerationworks.ca\/fr\/wp-json\/wp\/v2\/comments?post=1258"}],"version-history":[{"count":41,"href":"https:\/\/regenerationworks.ca\/fr\/wp-json\/wp\/v2\/pages\/1258\/revisions"}],"predecessor-version":[{"id":8786,"href":"https:\/\/regenerationworks.ca\/fr\/wp-json\/wp\/v2\/pages\/1258\/revisions\/8786"}],"up":[{"embeddable":true,"href":"https:\/\/regenerationworks.ca\/fr\/wp-json\/wp\/v2\/pages\/776"}],"wp:attachment":[{"href":"https:\/\/regenerationworks.ca\/fr\/wp-json\/wp\/v2\/media?parent=1258"}],"curies":[{"name":"wp","href":"https:\/\/api.w.org\/{rel}","templated":true}]}}